{"id":35890,"date":"2023-12-05T11:12:44","date_gmt":"2023-12-05T10:12:44","guid":{"rendered":"https:\/\/pratsch.at\/impressum\/"},"modified":"2025-10-13T11:38:32","modified_gmt":"2025-10-13T09:38:32","slug":"imprint","status":"publish","type":"page","link":"https:\/\/pratsch.at\/en\/imprint\/","title":{"rendered":"imprint"},"content":{"rendered":"<div class=\"gb-container gb-container-a3669ea0 gb-container-outer-light\">\n<div class=\"gb-container gb-container-80be4b2a gb-container-inner legal-page delete-last-margin\">\n\n<p><strong>Information according to \u00a7 5 TMG<\/strong><\/p>\n\n\n\n<h2 class=\"wp-block-heading\">Grapeful Wine GmbH<\/h2>\n\n\n\n<p><strong>Sitz:<\/strong> Milchhausstra\u00dfe 5, 2223 Hohenruppersdorf im Weinviertel<\/p>\n\n\n\n<p><strong>Unternehmensgegenstand:<\/strong> Weinhandel, Weinvertrieb<\/p>\n\n\n\n<p><strong>UID-Nr:<\/strong> ATU72836826<\/p>\n\n\n\n<p><strong>FN:<\/strong> 482188a<br><strong>FB-Gericht:<\/strong> Landesgericht Korneuburg<\/p>\n\n\n\n<p><strong>Gesch\u00e4ftsf\u00fchrer:<\/strong> Stefan Pratsch<\/p>\n\n\n\n<h2 class=\"wp-block-heading\">Contact<\/h2>\n\n\n\n<p><strong>Telephone:<\/strong> +43 676 624 9773<br><strong>e-mail:<\/strong> grapeful@pratsch.at<\/p>\n\n\n\n<h2 class=\"wp-block-heading\">Mitgliedschaften<\/h2>\n\n\n\n<p>Mitglied der Wirtschaftskammer Nieder\u00f6sterreich,<br>Fachgruppe Wein- und Obstbau<\/p>\n\n\n\n<h2 class=\"wp-block-heading\">Aufsichtsbeh\u00f6rde<\/h2>\n\n\n\n<p>Bezirkshauptmannschaft G\u00e4nserndorf<\/p>\n\n\n\n<h2 class=\"wp-block-heading\">Anwendbare Rechtsvorschriften<\/h2>\n\n\n\n<p>Gewerbeordnung: www.ris.bka.gv.at<\/p>\n\n\n\n<h2 class=\"wp-block-heading\">Verbraucherstreit\u00adbeilegung<\/h2>\n\n\n\n<p>Wir sind nicht bereit oder verpflichtet, an Streit\u00adbeilegungs\u00adverfahren vor einer Verbraucher\u00adschlichtungs\u00adstelle teilzunehmen.<\/p>\n\n<\/div>\n<\/div>","protected":false},"excerpt":{"rendered":"<p>Angaben gem\u00e4\u00df \u00a7 5 TMG Grapeful Wine GmbH Sitz: Milchhausstra\u00dfe 5, 2223 Hohenruppersdorf im Weinviertel Unternehmensgegenstand: Weinhandel, Weinvertrieb UID-Nr: ATU72836826 FN: 482188aFB-Gericht: Landesgericht Korneuburg Gesch\u00e4ftsf\u00fchrer: Stefan Pratsch Kontakt Telefon: +43 676 624 9773E-Mail: grapeful@pratsch.at Mitgliedschaften Mitglied der Wirtschaftskammer Nieder\u00f6sterreich,Fachgruppe Wein- und Obstbau Aufsichtsbeh\u00f6rde Bezirkshauptmannschaft G\u00e4nserndorf Anwendbare Rechtsvorschriften Gewerbeordnung: www.ris.bka.gv.at Verbraucherstreit\u00adbeilegung Wir sind nicht bereit oder &#8230; <a title=\"imprint\" class=\"read-more\" href=\"https:\/\/pratsch.at\/en\/imprint\/\" aria-label=\"Read more about Imprint\">Read more<\/a><\/p>","protected":false},"author":1,"featured_media":0,"parent":0,"menu_order":0,"comment_status":"closed","ping_status":"closed","template":"","meta":{"_acf_changed":false,"inline_featured_image":false,"footnotes":""},"class_list":["post-35890","page","type-page","status-publish"],"acf":[],"_links":{"self":[{"href":"https:\/\/pratsch.at\/en\/wp-json\/wp\/v2\/pages\/35890","targetHints":{"allow":["GET"]}}],"collection":[{"href":"https:\/\/pratsch.at\/en\/wp-json\/wp\/v2\/pages"}],"about":[{"href":"https:\/\/pratsch.at\/en\/wp-json\/wp\/v2\/types\/page"}],"author":[{"embeddable":true,"href":"https:\/\/pratsch.at\/en\/wp-json\/wp\/v2\/users\/1"}],"replies":[{"embeddable":true,"href":"https:\/\/pratsch.at\/en\/wp-json\/wp\/v2\/comments?post=35890"}],"version-history":[{"count":4,"href":"https:\/\/pratsch.at\/en\/wp-json\/wp\/v2\/pages\/35890\/revisions"}],"predecessor-version":[{"id":37434,"href":"https:\/\/pratsch.at\/en\/wp-json\/wp\/v2\/pages\/35890\/revisions\/37434"}],"wp:attachment":[{"href":"https:\/\/pratsch.at\/en\/wp-json\/wp\/v2\/media?parent=35890"}],"curies":[{"name":"wp","href":"https:\/\/api.w.org\/{rel}","templated":true}]}}