{"id":35899,"date":"2023-12-05T11:24:46","date_gmt":"2023-12-05T10:24:46","guid":{"rendered":"https:\/\/pratsch.at\/produkt\/frizzante-rose-extra-brut\/"},"modified":"2024-05-24T22:57:48","modified_gmt":"2024-05-24T20:57:48","slug":"frizzante-rose-extra-brut","status":"publish","type":"product","link":"https:\/\/pratsch.at\/en\/product-2\/frizzante-rose-extra-brut\/","title":{"rendered":"Frizzante Ros\u00e9 extra Brut"},"content":{"rendered":"","protected":false},"excerpt":{"rendered":"<p>Frizzante Ros\u00e9 extra Brut. Our popular aperitif in ros\u00e9-coloured dress embodies the fact that fine and creamy can be perfectly combined with fresh and fruity.<br \/>\nWINE BY S. PRATSCH<\/p>","protected":false},"featured_media":1377,"comment_status":"closed","ping_status":"closed","template":"","meta":{"_acf_changed":false,"inline_featured_image":false},"product_brand":[],"product_cat":[83],"product_tag":[],"class_list":{"0":"post-35899","1":"product","2":"type-product","3":"status-publish","4":"has-post-thumbnail","6":"product_cat-classic","7":"sales-flash-overlay","8":"woocommerce-text-align-center","9":"woocommerce-image-align-center","10":"do-quantity-buttons","12":"first","13":"instock","14":"taxable","15":"shipping-taxable","16":"purchasable","17":"product-type-simple"},"acf":[],"_links":{"self":[{"href":"https:\/\/pratsch.at\/en\/wp-json\/wp\/v2\/product\/35899","targetHints":{"allow":["GET"]}}],"collection":[{"href":"https:\/\/pratsch.at\/en\/wp-json\/wp\/v2\/product"}],"about":[{"href":"https:\/\/pratsch.at\/en\/wp-json\/wp\/v2\/types\/product"}],"replies":[{"embeddable":true,"href":"https:\/\/pratsch.at\/en\/wp-json\/wp\/v2\/comments?post=35899"}],"wp:featuredmedia":[{"embeddable":true,"href":"https:\/\/pratsch.at\/en\/wp-json\/wp\/v2\/media\/1377"}],"wp:attachment":[{"href":"https:\/\/pratsch.at\/en\/wp-json\/wp\/v2\/media?parent=35899"}],"wp:term":[{"taxonomy":"product_brand","embeddable":true,"href":"https:\/\/pratsch.at\/en\/wp-json\/wp\/v2\/product_brand?post=35899"},{"taxonomy":"product_cat","embeddable":true,"href":"https:\/\/pratsch.at\/en\/wp-json\/wp\/v2\/product_cat?post=35899"},{"taxonomy":"product_tag","embeddable":true,"href":"https:\/\/pratsch.at\/en\/wp-json\/wp\/v2\/product_tag?post=35899"}],"curies":[{"name":"wp","href":"https:\/\/api.w.org\/{rel}","templated":true}]}}