{"id":37355,"date":"2025-08-02T07:00:05","date_gmt":"2025-08-02T05:00:05","guid":{"rendered":"https:\/\/pratsch.at\/?post_type=product&#038;p=37355"},"modified":"2025-11-05T15:09:18","modified_gmt":"2025-11-05T14:09:18","slug":"gruener-veltliner-eiswein","status":"publish","type":"product","link":"https:\/\/pratsch.at\/en\/product-2\/gruener-veltliner-eiswein\/","title":{"rendered":"Gr\u00fcner Veltliner Eiswein"},"content":{"rendered":"","protected":false},"excerpt":{"rendered":"<p>Neben seiner Vielschichtigkeit zeichnet sich dieser s\u00fc\u00dfe Gr\u00fcne Veltliner durch sein ausgewogenes Frucht-S\u00e4ure-Spiel aus.<br \/>\nWINE BY S. PRATSCH<\/p>","protected":false},"featured_media":37534,"comment_status":"closed","ping_status":"closed","template":"","meta":{"_acf_changed":false,"inline_featured_image":false},"product_brand":[],"product_cat":[16],"product_tag":[],"class_list":{"0":"post-37355","1":"product","2":"type-product","3":"status-publish","4":"has-post-thumbnail","6":"product_cat-unkategorisiert","7":"sales-flash-overlay","8":"woocommerce-text-align-center","9":"woocommerce-image-align-center","10":"do-quantity-buttons","12":"first","13":"instock","14":"taxable","15":"shipping-taxable","16":"purchasable","17":"product-type-simple"},"acf":[],"_links":{"self":[{"href":"https:\/\/pratsch.at\/en\/wp-json\/wp\/v2\/product\/37355","targetHints":{"allow":["GET"]}}],"collection":[{"href":"https:\/\/pratsch.at\/en\/wp-json\/wp\/v2\/product"}],"about":[{"href":"https:\/\/pratsch.at\/en\/wp-json\/wp\/v2\/types\/product"}],"replies":[{"embeddable":true,"href":"https:\/\/pratsch.at\/en\/wp-json\/wp\/v2\/comments?post=37355"}],"wp:featuredmedia":[{"embeddable":true,"href":"https:\/\/pratsch.at\/en\/wp-json\/wp\/v2\/media\/37534"}],"wp:attachment":[{"href":"https:\/\/pratsch.at\/en\/wp-json\/wp\/v2\/media?parent=37355"}],"wp:term":[{"taxonomy":"product_brand","embeddable":true,"href":"https:\/\/pratsch.at\/en\/wp-json\/wp\/v2\/product_brand?post=37355"},{"taxonomy":"product_cat","embeddable":true,"href":"https:\/\/pratsch.at\/en\/wp-json\/wp\/v2\/product_cat?post=37355"},{"taxonomy":"product_tag","embeddable":true,"href":"https:\/\/pratsch.at\/en\/wp-json\/wp\/v2\/product_tag?post=37355"}],"curies":[{"name":"wp","href":"https:\/\/api.w.org\/{rel}","templated":true}]}}